{"id":158,"date":"2015-06-24T14:14:47","date_gmt":"2015-06-24T14:14:47","guid":{"rendered":"http:\/\/akzentschalen.de\/?page_id=158"},"modified":"2020-11-30T14:27:45","modified_gmt":"2020-11-30T14:27:45","slug":"bezugsquellen-und-links","status":"publish","type":"page","link":"https:\/\/akzentschalen.de\/en\/bezugsquellen-und-links","title":{"rendered":"Source of Supply"},"content":{"rendered":"<p><strong>My pots are also available here:<\/strong><\/p>\n<p><strong>Germany:<\/strong><\/p>\n<p><a href=\"https:\/\/akzentschalen.de\/wp-content\/uploads\/2015\/06\/Logo-Bonsai-Werkstatt-Werner-Busch.png\" rel=\"lightbox-0\"><img decoding=\"async\" loading=\"lazy\" src=\"http:\/\/akzentschalen.de\/wp-content\/uploads\/2015\/06\/Logo-Bonsai-Werkstatt-Werner-Busch.png\" alt=\"\" width=\"200\" height=\"220\" \/><\/a><\/p>\n<p><a href=\"http:\/\/www.bonsaiwerkstatt.de\/\" data-slimstat=\"1\">Bonsai-Werkstatt Werner M. Busch<\/a><br \/>\nHammer Dorfstra\u00dfe 167<br \/>\n40221\u00a0D\u00fcsseldorf<\/p>\n<p><a href=\"https:\/\/akzentschalen.de\/wp-content\/uploads\/2015\/06\/Bonsai-Zentrum-Heidelberg.png\" rel=\"lightbox-1\"><img decoding=\"async\" loading=\"lazy\" src=\"http:\/\/akzentschalen.de\/wp-content\/uploads\/2015\/06\/Bonsai-Zentrum-Heidelberg.png\" alt=\"\" width=\"275\" height=\"183\" \/><\/a><\/p>\n<p><a href=\"http:\/\/www.bonsai-heidelberg.de\/index.html\">Bonsai Zentrum Heidelberg GmbH<\/a><br \/>\nMannheimer Str. 401<br \/>\n69123 Heidelberg<\/p>\n<p><a href=\"https:\/\/akzentschalen.de\/wp-content\/uploads\/2015\/06\/Bonsai-Garten-M\u00fcller-Logo.jpg\" rel=\"lightbox-2\"><img decoding=\"async\" loading=\"lazy\" src=\"http:\/\/akzentschalen.de\/wp-content\/uploads\/2015\/06\/Bonsai-Garten-M\u00fcller-Logo-150x150.jpg\" alt=\"\" width=\"150\" height=\"150\" \/><\/a><\/p>\n<p><a href=\"http:\/\/www.bonsai-garten-mueller.de\/termine.htm\" data-slimstat=\"1\">Bonsai-Garten-M\u00fcller<\/a><br \/>\nMartin M\u00fcller<br \/>\nJasminstra\u00dfe 1<br \/>\n66793 Saarwellingen<\/p>\n<p><a href=\"https:\/\/akzentschalen.de\/wp-content\/uploads\/2015\/06\/logo-bonsai-centrum-nuernberg.jpg\" rel=\"lightbox-3\"><img decoding=\"async\" loading=\"lazy\" src=\"http:\/\/akzentschalen.de\/wp-content\/uploads\/2015\/06\/logo-bonsai-centrum-nuernberg.jpg\" alt=\"\" width=\"263\" height=\"175\" \/><\/a><br \/>\n<a href=\"http:\/\/www.bonsai-zentrum-bamberg.de\/\">Bonsai &#8211; Centrum &#8211; N\u00fcrnberg<\/a><br \/>\nH\u00f6fleser Hauptstr. 5<br \/>\n90427 N\u00fcrnberg<\/p>\n<p><a href=\"https:\/\/akzentschalen.de\/wp-content\/uploads\/2018\/05\/Bonsai-Gilde.jpg\" rel=\"lightbox-4\"><img decoding=\"async\" loading=\"lazy\" class=\"alignnone size-full wp-image-617\" src=\"https:\/\/akzentschalen.de\/wp-content\/uploads\/2018\/05\/Bonsai-Gilde.jpg\" alt=\"\" width=\"298\" height=\"169\" \/><\/a><\/p>\n<p><a href=\"http:\/\/bonsai-gilde.de\/\">Bonsai Gilde<\/a><\/p>\n<p><strong>Australia:<\/strong><\/p>\n<p><a href=\"https:\/\/akzentschalen.de\/wp-content\/uploads\/2015\/06\/Bonsai-Island.jpg\" rel=\"lightbox-5\"><img decoding=\"async\" loading=\"lazy\" src=\"https:\/\/akzentschalen.de\/wp-content\/uploads\/2015\/06\/Bonsai-Island.jpg\" alt=\"\" width=\"134\" height=\"134\" \/><\/a><\/p>\n<p><a href=\"http:\/\/www.bonsaiisland.net\/\">Bonsai Island<\/a><br \/>\n32 Phillip Island Rd<br \/>\nNewhaven VIC 3925<\/p>\n<p><strong>Belgium:<\/strong><\/p>\n<p><a href=\"http:\/\/akzentschalen.de\/wp-content\/uploads\/2015\/06\/Bonsai-Yume-Logo-img_0374.jpg\" rel=\"lightbox-6\"><img decoding=\"async\" loading=\"lazy\" src=\"http:\/\/akzentschalen.de\/wp-content\/uploads\/2015\/06\/Bonsai-Yume-Logo-img_0374-300x83.jpg\" alt=\"\" width=\"300\" height=\"83\" \/><\/a><\/p>\n<p><a href=\"https:\/\/www.bonsaiyume.com\/\" data-slimstat=\"1\">Bonsai-Yume<\/a><br \/>\nMarco Deenen<br \/>\nMoleneindeweg 37a<br \/>\n3520 Zonhoven<\/p>\n<p><a href=\"https:\/\/akzentschalen.de\/wp-content\/uploads\/2018\/05\/Bonsai-Center-Ginkgo.jpg\" rel=\"lightbox-7\"><img decoding=\"async\" loading=\"lazy\" class=\"alignnone size-full wp-image-618\" src=\"https:\/\/akzentschalen.de\/wp-content\/uploads\/2018\/05\/Bonsai-Center-Ginkgo.jpg\" alt=\"\" width=\"277\" height=\"182\" \/><\/a><\/p>\n<div id=\"footer\"><a href=\"http:\/\/www.ginkgobonsai.be\/\">Ginkgo Bonsai Center<\/a><\/div>\n<div>Heirweg 190 (N445)<\/div>\n<div>9270 Laarne<\/div>\n<div><\/div>\n<p><strong>Great Britain:<\/strong><\/p>\n<p><a href=\"http:\/\/akzentschalen.de\/wp-content\/uploads\/2015\/06\/EBPC-logo-Final.jpg\" rel=\"lightbox-8\"><img decoding=\"async\" loading=\"lazy\" src=\"http:\/\/akzentschalen.de\/wp-content\/uploads\/2015\/06\/EBPC-logo-Final-150x150.jpg\" alt=\"\" width=\"150\" height=\"150\" \/><\/a><\/p>\n<p>Contact:<br \/>\n<a href=\"http:\/\/www.bonsai4me.com\/shop\/\" data-slimstat=\"1\">www.bonsai4me.com\/shop<\/a><br \/>\n<a href=\"http:\/\/www.topshelfbonsaipots.co.uk\/\" data-slimstat=\"1\">www.topshelfbonsaipots.co.uk<\/a><\/p>\n<p><strong>Japan:<\/strong><\/p>\n<p><img decoding=\"async\" src=\"https:\/\/cdn.shopify.com\/s\/files\/1\/1998\/6739\/files\/yukimono_logo_l_400x.jpg?v=1500622647\" alt=\"YUKIMONO\" \/><\/p>\n<p><a href=\"https:\/\/yukimono.com\/\">Beautiful Japanese Bonsai Pots, Tokoname Bonsai Pots Store \u2013 YUKIMONO<\/a><\/p>\n<p><a href=\"http:\/\/blog.yukimono.com\/\">For Your Small Japanese Garden by YUKIMONO<\/a><\/p>\n<p><strong>Netherlands:<\/strong><\/p>\n<p><a href=\"https:\/\/akzentschalen.de\/wp-content\/uploads\/2015\/06\/Bonsai-Twente-1.jpg\" rel=\"lightbox-9\"><img decoding=\"async\" loading=\"lazy\" src=\"https:\/\/akzentschalen.de\/wp-content\/uploads\/2015\/06\/Bonsai-Twente-1-300x162.jpg\" alt=\"\" width=\"300\" height=\"162\" \/><\/a><\/p>\n<p>Bonsai Twente<br \/>\nTibor van Lange<br \/>\nDe Vluchtestraat 43<br \/>\n7523 BG Enschede<\/p>\n<p><strong>USA:<\/strong><\/p>\n<p><a href=\"https:\/\/akzentschalen.de\/wp-content\/uploads\/2015\/06\/images.jpg\" rel=\"lightbox-10\"><img decoding=\"async\" loading=\"lazy\" src=\"https:\/\/akzentschalen.de\/wp-content\/uploads\/2015\/06\/images.jpg\" alt=\"\" width=\"200\" height=\"199\" \/><\/a><br \/>\n<a href=\"https:\/\/thebonsaisupply.com\/\">The Bonsai Supply<\/a><br \/>\n3553 N Dixie Hwy<br \/>\nOakland Park<br \/>\nFL 33334<\/p>\n<p>&nbsp;<\/p>\n<p><strong>More special links:<\/strong><\/p>\n<p><a href=\"https:\/\/akzentschalen.de\/wp-content\/uploads\/2015\/06\/Volker-Einbock.jpg\" rel=\"lightbox-11\"><img decoding=\"async\" loading=\"lazy\" class=\"alignnone size-full wp-image-160\" src=\"https:\/\/akzentschalen.de\/wp-content\/uploads\/2015\/06\/Volker-Einbock.jpg\" alt=\"\" width=\"225\" height=\"118\" \/><\/a><a href=\"http:\/\/www.diekleinebonsaiwerkstatt.de\/index.html\" target=\"_blank\" rel=\"noopener noreferrer\" data-slimstat=\"1\">Die kleine Bonsaiwerkstatt Volker Einbock<\/a><\/p>\n<p><a href=\"https:\/\/www.bonsai-im-norden.org\/\"><img decoding=\"async\" loading=\"lazy\" src=\"http:\/\/akzentschalen.de\/wp-content\/uploads\/2015\/06\/BIN-300x47.jpg\" alt=\"\" width=\"300\" height=\"47\" \/><\/a><\/p>\n<p>&nbsp;<\/p>\n<p><strong>And especially beautiful raku tea bowls:<\/strong><\/p>\n<p><a href=\"http:\/\/akzentschalen.de\/wp-content\/uploads\/2015\/06\/Mathias-Stein.png\" rel=\"lightbox-12\"><img decoding=\"async\" loading=\"lazy\" src=\"http:\/\/akzentschalen.de\/wp-content\/uploads\/2015\/06\/Mathias-Stein-150x150.png\" alt=\"\" width=\"150\" height=\"150\" \/><\/a><a href=\"http:\/\/m-stein.jimdo.com\/\" target=\"_blank\" rel=\"noopener noreferrer\" data-slimstat=\"1\">von Mathias Stein<\/a><\/p>\n<p>&nbsp;<\/p>\n","protected":false},"excerpt":{"rendered":"<p>My pots are also available here: Germany: Bonsai-Werkstatt Werner M. Busch Hammer Dorfstra\u00dfe 167 40221\u00a0D\u00fcsseldorf Bonsai Zentrum Heidelberg GmbH Mannheimer Str. 401 69123 Heidelberg Bonsai-Garten-M\u00fcller Martin M\u00fcller Jasminstra\u00dfe 1 66793 Saarwellingen Bonsai &#8211; Centrum &#8211; N\u00fcrnberg H\u00f6fleser Hauptstr. 5 90427 N\u00fcrnberg Bonsai Gilde Australia: Bonsai Island 32 Phillip Island Rd Newhaven VIC 3925 Belgium: Bonsai-Yume &hellip; <\/p>\n<p class=\"link-more\"><a href=\"https:\/\/akzentschalen.de\/en\/bezugsquellen-und-links\" class=\"more-link\">Continue reading<span class=\"screen-reader-text\"> &#8220;Source of Supply&#8221;<\/span><\/a><\/p>\n","protected":false},"author":1,"featured_media":0,"parent":0,"menu_order":0,"comment_status":"closed","ping_status":"closed","template":"","meta":[],"translation":{"provider":"WPGlobus","version":"2.10.8","language":"en","enabled_languages":["de","en"],"languages":{"de":{"title":true,"content":true,"excerpt":false},"en":{"title":true,"content":true,"excerpt":false}}},"yoast_head":"<!-- This site is optimized with the Yoast SEO plugin v20.0 - https:\/\/yoast.com\/wordpress\/plugins\/seo\/ -->\n<title>Source of Supply &bull; Roman Husmann \u2022 Akzent- &amp; Bonsaischalen \/ Accent &amp; Bonsai Pots<\/title>\n<meta name=\"robots\" content=\"index, follow, max-snippet:-1, max-image-preview:large, max-video-preview:-1\" \/>\n<link rel=\"canonical\" href=\"https:\/\/akzentschalen.de\/bezugsquellen-und-links\" \/>\n<meta property=\"og:locale\" content=\"en_US\" \/>\n<meta property=\"og:type\" content=\"article\" \/>\n<meta property=\"og:title\" content=\"Source of Supply &bull; Roman Husmann \u2022 Akzent- &amp; Bonsaischalen \/ Accent &amp; Bonsai Pots\" \/>\n<meta property=\"og:url\" content=\"https:\/\/akzentschalen.de\/bezugsquellen-und-links\" \/>\n<meta property=\"og:site_name\" content=\"Roman Husmann \u2022 Akzent- &amp; Bonsaischalen \/ Accent &amp; Bonsai Pots\" \/>\n<meta property=\"article:modified_time\" content=\"2020-11-30T14:27:45+00:00\" \/>\n<meta property=\"og:image\" content=\"http:\/\/akzentschalen.de\/wp-content\/uploads\/2015\/06\/Logo-Bonsai-Werkstatt-Werner-Busch.png\" \/>\n<meta name=\"twitter:card\" content=\"summary_large_image\" \/>\n<meta name=\"twitter:label1\" content=\"Est. reading time\" \/>\n\t<meta name=\"twitter:data1\" content=\"1 minute\" \/>\n<script type=\"application\/ld+json\" class=\"yoast-schema-graph\">{\"@context\":\"https:\/\/schema.org\",\"@graph\":[{\"@type\":\"WebPage\",\"@id\":\"https:\/\/akzentschalen.de\/bezugsquellen-und-links\",\"url\":\"https:\/\/akzentschalen.de\/bezugsquellen-und-links\",\"name\":\"Source of Supply &bull; Roman Husmann \u2022 Akzent- &amp; Bonsaischalen \/ Accent &amp; Bonsai Pots\",\"isPartOf\":{\"@id\":\"https:\/\/akzentschalen.de\/#website\"},\"datePublished\":\"2015-06-24T14:14:47+00:00\",\"dateModified\":\"2020-11-30T14:27:45+00:00\",\"breadcrumb\":{\"@id\":\"https:\/\/akzentschalen.de\/bezugsquellen-und-links#breadcrumb\"},\"inLanguage\":\"en-US\",\"potentialAction\":[{\"@type\":\"ReadAction\",\"target\":[\"https:\/\/akzentschalen.de\/bezugsquellen-und-links\"]}]},{\"@type\":\"BreadcrumbList\",\"@id\":\"https:\/\/akzentschalen.de\/bezugsquellen-und-links#breadcrumb\",\"itemListElement\":[{\"@type\":\"ListItem\",\"position\":1,\"name\":\"Startseite\",\"item\":\"https:\/\/akzentschalen.de\/\"},{\"@type\":\"ListItem\",\"position\":2,\"name\":\"Bezugsquellen\"}]},{\"@type\":\"WebSite\",\"@id\":\"https:\/\/akzentschalen.de\/#website\",\"url\":\"https:\/\/akzentschalen.de\/\",\"name\":\"Roman Husmann \u2022 Akzent- & Bonsaischalen \/ Accent & Bonsai Pots\",\"description\":\"In meiner Werkstatt von Hand gemacht, mit eigenen Glasuren, frostfest gebrannt \/ Handcrafted in my workshop, with my own glazes, fired for frost resistance\",\"publisher\":{\"@id\":\"https:\/\/akzentschalen.de\/#\/schema\/person\/a8d3106aacd5e61158583e1feda9bf4e\"},\"potentialAction\":[{\"@type\":\"SearchAction\",\"target\":{\"@type\":\"EntryPoint\",\"urlTemplate\":\"https:\/\/akzentschalen.de\/?s={search_term_string}\"},\"query-input\":\"required name=search_term_string\"}],\"inLanguage\":\"en-US\"},{\"@type\":[\"Person\",\"Organization\"],\"@id\":\"https:\/\/akzentschalen.de\/#\/schema\/person\/a8d3106aacd5e61158583e1feda9bf4e\",\"name\":\"Roman Husmann\",\"image\":{\"@type\":\"ImageObject\",\"inLanguage\":\"en-US\",\"@id\":\"https:\/\/akzentschalen.de\/#\/schema\/person\/image\/\",\"url\":\"https:\/\/secure.gravatar.com\/avatar\/82805eacd73474ad1fb329af850a4b75?s=96&d=mm&r=g\",\"contentUrl\":\"https:\/\/secure.gravatar.com\/avatar\/82805eacd73474ad1fb329af850a4b75?s=96&d=mm&r=g\",\"caption\":\"Roman Husmann\"},\"logo\":{\"@id\":\"https:\/\/akzentschalen.de\/#\/schema\/person\/image\/\"}}]}<\/script>\n<!-- \/ Yoast SEO plugin. -->","yoast_head_json":{"title":"Source of Supply &bull; Roman Husmann \u2022 Akzent- &amp; Bonsaischalen \/ Accent &amp; Bonsai Pots","robots":{"index":"index","follow":"follow","max-snippet":"max-snippet:-1","max-image-preview":"max-image-preview:large","max-video-preview":"max-video-preview:-1"},"canonical":"https:\/\/akzentschalen.de\/bezugsquellen-und-links","og_locale":"en_US","og_type":"article","og_title":"Source of Supply &bull; Roman Husmann \u2022 Akzent- &amp; Bonsaischalen \/ Accent &amp; Bonsai Pots","og_url":"https:\/\/akzentschalen.de\/bezugsquellen-und-links","og_site_name":"Roman Husmann \u2022 Akzent- &amp; Bonsaischalen \/ Accent &amp; Bonsai Pots","article_modified_time":"2020-11-30T14:27:45+00:00","og_image":[{"url":"http:\/\/akzentschalen.de\/wp-content\/uploads\/2015\/06\/Logo-Bonsai-Werkstatt-Werner-Busch.png"}],"twitter_card":"summary_large_image","twitter_misc":{"Est. reading time":"1 minute"},"schema":{"@context":"https:\/\/schema.org","@graph":[{"@type":"WebPage","@id":"https:\/\/akzentschalen.de\/bezugsquellen-und-links","url":"https:\/\/akzentschalen.de\/bezugsquellen-und-links","name":"Source of Supply &bull; Roman Husmann \u2022 Akzent- &amp; Bonsaischalen \/ Accent &amp; Bonsai Pots","isPartOf":{"@id":"https:\/\/akzentschalen.de\/#website"},"datePublished":"2015-06-24T14:14:47+00:00","dateModified":"2020-11-30T14:27:45+00:00","breadcrumb":{"@id":"https:\/\/akzentschalen.de\/bezugsquellen-und-links#breadcrumb"},"inLanguage":"en-US","potentialAction":[{"@type":"ReadAction","target":["https:\/\/akzentschalen.de\/bezugsquellen-und-links"]}]},{"@type":"BreadcrumbList","@id":"https:\/\/akzentschalen.de\/bezugsquellen-und-links#breadcrumb","itemListElement":[{"@type":"ListItem","position":1,"name":"Startseite","item":"https:\/\/akzentschalen.de\/"},{"@type":"ListItem","position":2,"name":"Bezugsquellen"}]},{"@type":"WebSite","@id":"https:\/\/akzentschalen.de\/#website","url":"https:\/\/akzentschalen.de\/","name":"Roman Husmann \u2022 Akzent- & Bonsaischalen \/ Accent & Bonsai Pots","description":"In meiner Werkstatt von Hand gemacht, mit eigenen Glasuren, frostfest gebrannt \/ Handcrafted in my workshop, with my own glazes, fired for frost resistance","publisher":{"@id":"https:\/\/akzentschalen.de\/#\/schema\/person\/a8d3106aacd5e61158583e1feda9bf4e"},"potentialAction":[{"@type":"SearchAction","target":{"@type":"EntryPoint","urlTemplate":"https:\/\/akzentschalen.de\/?s={search_term_string}"},"query-input":"required name=search_term_string"}],"inLanguage":"en-US"},{"@type":["Person","Organization"],"@id":"https:\/\/akzentschalen.de\/#\/schema\/person\/a8d3106aacd5e61158583e1feda9bf4e","name":"Roman Husmann","image":{"@type":"ImageObject","inLanguage":"en-US","@id":"https:\/\/akzentschalen.de\/#\/schema\/person\/image\/","url":"https:\/\/secure.gravatar.com\/avatar\/82805eacd73474ad1fb329af850a4b75?s=96&d=mm&r=g","contentUrl":"https:\/\/secure.gravatar.com\/avatar\/82805eacd73474ad1fb329af850a4b75?s=96&d=mm&r=g","caption":"Roman Husmann"},"logo":{"@id":"https:\/\/akzentschalen.de\/#\/schema\/person\/image\/"}}]}},"_links":{"self":[{"href":"https:\/\/akzentschalen.de\/en\/wp-json\/wp\/v2\/pages\/158"}],"collection":[{"href":"https:\/\/akzentschalen.de\/en\/wp-json\/wp\/v2\/pages"}],"about":[{"href":"https:\/\/akzentschalen.de\/en\/wp-json\/wp\/v2\/types\/page"}],"author":[{"embeddable":true,"href":"https:\/\/akzentschalen.de\/en\/wp-json\/wp\/v2\/users\/1"}],"replies":[{"embeddable":true,"href":"https:\/\/akzentschalen.de\/en\/wp-json\/wp\/v2\/comments?post=158"}],"version-history":[{"count":63,"href":"https:\/\/akzentschalen.de\/en\/wp-json\/wp\/v2\/pages\/158\/revisions"}],"predecessor-version":[{"id":732,"href":"https:\/\/akzentschalen.de\/en\/wp-json\/wp\/v2\/pages\/158\/revisions\/732"}],"wp:attachment":[{"href":"https:\/\/akzentschalen.de\/en\/wp-json\/wp\/v2\/media?parent=158"}],"curies":[{"name":"wp","href":"https:\/\/api.w.org\/{rel}","templated":true}]}}